{"id":337,"date":"2012-06-20T13:52:57","date_gmt":"2012-06-20T17:52:57","guid":{"rendered":"http:\/\/www.forage-dynamitage.ca\/?page_id=337"},"modified":"2012-06-20T13:52:57","modified_gmt":"2012-06-20T17:52:57","slug":"carbon-monoxide","status":"publish","type":"page","link":"https:\/\/www.forage-dynamitage.ca\/en\/carbon-monoxide\/","title":{"rendered":"Carbon monoxide"},"content":{"rendered":"<h3>INFORMATION FOR RESIDENTS <br \/>CARBON MONOXIDE POISONING<\/h3>\n<p>Did you know that blasting work can occasionally cause the dispersion of CO in the surrounding housing, particularly in the basement? That&#8217;s why we want to warn you that there will be work with explosives (blasting) in your area. We therefore inform you what to do to avoid being affected.<\/p>\n<p>Carbon monoxide (CO) is a toxic, odorless, colorless and tasteless gaz. It usually is produced when a vehicle or other device burns fuel such as gasoline, natural gas, kerosene, naphtha, propane or wood.<\/p>\n<p>On the days while blasting occurs in the area, your home should be well ventilated (open windows if possible). If you have an air exchanger, it should be in continuous operation and for at least 48 hours.<\/p>\n<p>Make sure your carbon monoxide alarm is functional. If you do not have a CO detector in your home, we will provide one for you. CO alarms are designed to measure relatively low concentrations of CO accumulating in the air even before the occupants experience symptoms of CO poisoning.<\/p>\n<p><strong>What should you do if the alarm goes off?<\/strong><\/p>\n<ul>\n<li>Call 911 or the fire department directly.<\/li>\n<li>Immediately leave your home.<\/li>\n<li>Contact the blaster Philippe Paradis at (418) 834-3488<\/li>\n<li>Contact the general contractor<\/li>\n<li>Return to your home only when firefighters tell you that it is safe to return.<\/li>\n<\/ul>\n<p>If a person has one or more of the following symptoms, you must evacuate the residence and call 911 and the POISON CONTROL CENTER OF QUEBEC (1-800-463-5060)<\/p>\n<p><strong>The signs and symptoms of carbon monoxide poisoning:<\/strong><\/p>\n<p><strong>Mild CO poisoning<\/strong> can cause symptoms that may resemble flu or gastroenteritis:<\/p>\n<ul>\n<li>Nausea, frontal headache and fatigue.<\/li>\n<\/ul>\n<p><strong>Intermediate CO poisoning<\/strong> can manifest as:<\/p>\n<ul>\n<li>A persistent pounding frontal headache, nausea, dizziness or lightheadedness, drowsiness, vomiting, rapid pulse and decreased reflexes and judgment.<\/li>\n<\/ul>\n<p><strong>Severe CO poisoning<\/strong> can lead to:<\/p>\n<ul>\n<li>Weakness, unconsciousness, convulsions and possibly coma or death in only a few minutes.<\/li>\n<\/ul>\n<p><strong>Remember :<\/strong><\/p>\n<ul>\n<li>That when blasting work takes place in your area, you need to ventilate your home for at least 48 hours because CO may accumulate, particularly in the basement.<\/li>\n<li>That a CO poisoning is a serious matter.<\/li>\n<li>That if you hear the CO alarm, you must act quickly by calling the fire department or 911.<\/li>\n<li>That you must leave your home until the fire department tells you that you can go back.<\/li>\n<\/ul>\n<p><strong>For more information:<\/strong><\/p>\n<p>Visit the website of the <a href=\"http:\/\/msss.gouv.qc.ca\/sujets\/santepub\/environnement\/index.php?monoxyde_de_carbone\" target=\"_blank\">Ministry of Health and Social Services of Quebec<\/a>.<\/p>\n<hr \/>\n<p>Here are some of the events related directly or indirectly to the spread of Carbon Monoxide, that our company has faced in the past.<\/p>\n<p>Before the start of any blasting work, a detailed inspection of every residence takes place by an independent company, Animasoft. These inspections are intended to define the situation before the work to avoid conflict. During these inspections, we give a carbon monoxide detector to all the residences near the construction site. Inspectors of Animasoft explain where it is best to install the detectors and how they work. Sometimes it happens that the sensors are triggered a few hours after the blasts.<\/p>\n<p>We identified all cases in order to understand better the causes of gas leaks and how the gas \u00a0spreads.<\/p>\n<p>We apologize to affected residents for any inconvenience suffered. We are fully accountable for our actions for 10 years and continually seek ways to improve our methods to ensure safety around our worksites.<\/p>\n<p><strong>Why was the gas was detected on several occasions?<\/strong><\/p>\n<p>Simply because Forage \u00a0Dynami-Tech performs 3500 blasts near residences per year. Every house bordering the worksite is equipped with a detector provided by our company. We are one of the few companies in Quebec that follow the procedure recommended by the CSST. There is evidence that a small amount of gas is not dangerous, but F.D.T. takes all measures possible to avoid and prevent any unfortunate event.<\/p>\n<p><strong>Here follow the events identified by F.D.T.:<\/strong><\/p>\n<p>6 f\u00e9vrier 2009, Rue Joseph Giffard, Beauport, Qc<br \/>Nous avons effectu\u00e9 des travaux de tranch\u00e9e parall\u00e8le \u00e0 la rue existante. Une distance de 20m s\u00e9parait les r\u00e9sidences du sautage. Aucun tuyau d\u00e9saffect\u00e9 n\u2019est dans le sol car c\u2019est une nouvelle rue, dans un nouveau d\u00e9veloppement. Le roc est un calcaire horizontal. Il y a 1m de mort terrain. Des gaz ont \u00e9t\u00e9 d\u00e9tect\u00e9s dans 2 b\u00e2timents, au milieu de la nuit \u00e0 une distance de 125m du lieu des travaux. Les pompiers sont intervenu et ont fait \u00e9vacuer une des deux r\u00e9sidences, l\u2019autre n\u2019\u00e9tait pas habit\u00e9e. Dans ce cas, d\u2019un point de vue th\u00e9orique, les gaz ont voyag\u00e9s de fa\u00e7on quasi extraordinaire. Cela est un des cas recens\u00e9 les plus grand en distance, selon la CSST. Des d\u00e9tecteurs ont \u00e9t\u00e9 plac\u00e9s dans un plus grand p\u00e9rim\u00e8tre dans ce secteur afin de pr\u00e9venir d\u2019autres cas de ce genre. La famille incommod\u00e9e a \u00e9t\u00e9 d\u00e9dommag\u00e9e.<\/p>\n<p>23 f\u00e9vrier 2009, Loretteville, Impasse du Malard <br \/>Forage Dynami-Tech ex\u00e9cute des travaux de tranch\u00e9e profonde de 6m \u00e0 travers le petit chemin sinueux. Les b\u00e2timents sont tr\u00e8s proches de la zone de sautage, seulement quelques m\u00e8tres les s\u00e9parent. Le travail se fait \u00e0 travers les tuyaux existants. Des d\u00e9tecteurs de monoxyde de carbone ont \u00e9t\u00e9 distribu\u00e9s syst\u00e9matiquement \u00e0 toutes les r\u00e9sidences. Au milieu de la nuit des gens ont \u00e9t\u00e9 incommod\u00e9s. Ce cas est encore sous enqu\u00eate.<\/p>\n<p>12 mars 2009, Rue Gen\u00e8ve, Ste-Brigitte-de-Laval <br \/>Forage Dynami-Tech a obtenu le contrat de dynamiter un emplacement pour une maison sur la rue Gen\u00e8ve. Notre inspecteur, comme \u00e0 l\u2019habitude, prend des photos et distribue les d\u00e9tecteurs de monoxyde aux maisons avoisinantes \u00e0 la zone de travail. Les 2 maisons de chaque c\u00f4t\u00e9 du chantier on subit une alerte et ils ont tout de suite \u00e9vacu\u00e9 les lieux. Les travaux de dynamitage se sont continu\u00e9s le lendemain. Avec la participation des pompiers de Sainte Brigitte de Laval, nous avons effectu\u00e9 des tests pour savoir par quel endroit les gaz p\u00e9n\u00e9traient dans les b\u00e2timents \u00e0 l\u2019aide d\u2019appareil de d\u00e9tection. Imm\u00e9diatement apr\u00e8s le sautage, le personnel entrait au sous-sol afin de d\u00e9tecter la provenance. Les gaz s\u2019infiltraient entre la dalle de b\u00e9ton et le mur de b\u00e9ton d\u2019une des maisons, et ce \u00b1 3 minutes apr\u00e8s le sautage. Les pompiers ont essay\u00e9 de faire une lecture sur le lieu m\u00eame du sautage, mais sans succ\u00e8s. Aucune lecture n\u2019\u00e9tait perceptible au niveau des matelas et m\u00eame apr\u00e8s l\u2019excavation du trou. Le terrain \u00e9tait d\u00e9cap\u00e9 au roc et il n\u2019y avait aucun mort terrain dans lequel le gaz aurait pu s\u2019\u00e9chapper. Le roc \u00e9tait un granite sain. Les occupants des deux r\u00e9sidences ont \u00e9t\u00e9 d\u00e9dommag\u00e9s et F.D.T. s\u2019excuse pour tous les inconv\u00e9nients que nous avons caus\u00e9s. Merci au service d\u2019incendie de la municipalit\u00e9 de Sainte Brigitte de Laval, votre coop\u00e9ration est plus qu\u2019exemplaire.<\/p>\n<p>17 juillet 2009, Breakeyville, Qc<br \/>Forage Dynami-Tech r\u00e9alise des travaux de dynamitage pour le d\u00e9veloppement Domaine des Grands Bois \u00e0 Breakeyville. Dans la soir\u00e9e du 17 juillet, des gaz sont d\u00e9tect\u00e9s dans une demeure de la rue Toundra. Cette maison, adjacente au chantier est \u00e0 11m de la zone de sautage. Les gaz ont \u00e9t\u00e9 localis\u00e9s par les d\u00e9tecteurs que FDT distribue avant chaque travail de dynamitage sur un chantier r\u00e9sidentiel. Personne n\u2019a \u00e9t\u00e9 incommod\u00e9 par les gaz. Au milieu de la nuit, les pompiers ont not\u00e9 une quantit\u00e9 de gaz de l\u2019ordre de 400 ppm. Au matin les lectures se situaient autour de 150 ppm. Un syst\u00e8me de ventilation plac\u00e9 directement sur le drain a permis de ventiler compl\u00e8tement le drain affin que les r\u00e9sidents puissent regagner leur maison le jour m\u00eame. Nous avons d\u00e9dommag\u00e9 les r\u00e9sidents de cette demeure dans les jours qui ont suivi l\u2019incident et nous nous sommes excus\u00e9s de cet \u00e9v\u00e8nement. Nous remercions les propri\u00e9taires pour leur compr\u00e9hension.<\/p>\n<p>28 septembre 2009, Charlesbourg, Qc <br \/>Forage Dynami-Tech a effectu\u00e9 des travaux de dynamitage en milieu urbain qui consistaient \u00e0 un prolongement de plusieurs rues dans l\u2019arrondissement de Charlesbourg, \u00e0 Qu\u00e9bec. Vers 9h, le 28 septembre, un d\u00e9tecteur donn\u00e9 par Forage Dynami-Tech a donn\u00e9 l\u2019alarme aux r\u00e9sidents d\u2019une maison de la rue Fran\u00e7oise-Ancelin. Les pompiers de la Caserne 13, de la ville de Qu\u00e9bec sont intervenus. Ils ont not\u00e9 des lectures de gaz de 1000 ppm au niveau de la prise du drain agricole. Ils ont ordonn\u00e9 l\u2019\u00e9vacuation pour la nuit. Personne n\u2019a \u00e9t\u00e9 incommod\u00e9 par le gaz. Le type de travail \u00e9tait le dynamitage de tranch\u00e9e. Les travaux reprirent des le lendemain matin. Les nivaux de lecture du gaz \u00e9tait descendus \u00e0 un niveau de \u00b160 ppm. Nous avons plac\u00e9 des ventilateurs industriels afin d\u2019a\u00e9rer le sous-sol affect\u00e9. Au cours de la journ\u00e9e, plusieurs sautages ont eu lieu. Les pompiers ont pris des lectures 5 minutes apr\u00e8s le sautage, le gaz avait atteint la cave de la r\u00e9sidence, des lectures de 350ppm ont \u00e9t\u00e9 not\u00e9es. La distance entre les trous de forage et le b\u00e2timent \u00e9tait de 10 m. La CSST \u00e0 \u00e9mis un avis par le pass\u00e9 d\u2019excaver imm\u00e9diatement apr\u00e8s le dynamitage, afin de lib\u00e9rer les gaz. De par cette exp\u00e9rience, on peu noter que les gaz voyagent trop vite \u00e0 travers le sol. Il faut noter que la vitesse de d\u00e9tonation des explosifs dans le sol est de l\u2019ordre de 7000 m\/s. Les r\u00e9sidents ont malheureusement du \u00eatre relocalis\u00e9 pour une p\u00e9riode de trois jours. Le m\u00e9decin de la sant\u00e9 publique a demand\u00e9 que la r\u00e9int\u00e9gration des r\u00e9sidents ne se fasse pas avant 48h apr\u00e8s le dernier sautage. Apr\u00e8s avoir a\u00e9r\u00e9 le sous-sol, Forage Dynami-Tech a d\u00e9dommag\u00e9 les r\u00e9sidents incommod\u00e9s en s\u2019excusant des probl\u00e8mes engendr\u00e9s par ces travaux. Merci encore pour la compr\u00e9hension des gens que nous avons d\u00e9rang\u00e9s.<\/p>\n<p>Lundi, 5 octobre 2009, rue des pivoine, Sainte-Brigitte-de-Laval <br \/>Une \u00e9quipe de dynamitage effectue des travaux sur la rue des Pivoines. Les hommes travaillent toute la journ\u00e9e en ex\u00e9cutant de petits sautages. La distance entre les lieux de sautage et la r\u00e9sidence est de 10m. Le roc est un granite. Les travaux ce faisaient d\u00e9gag\u00e9 au roc. Le lendemain matin, \u00e0 l\u2019heure du d\u00e9jeuner, une alarme de monoxyde sonne \u00e0 la r\u00e9sidence adjacente aux travaux. Les gens ont \u00e9vacu\u00e9s avant l\u2019arriv\u00e9e des pompiers. Ces derniers ont fait des relev\u00e9s inf\u00e9rieurs \u00e0 11 ppm. Ils ont simplement a\u00e9r\u00e9 le sous-sol du b\u00e2timent. Aucune autre alarme.<\/p>\n<p>Le 30 Novembre 2009, rue Fran\u00e7oise-Encelin, Charlesbourg<br \/>Pr\u00e8s de deux mois apr\u00e8s une premi\u00e8re infiltration de gaz \u00e0 cet endroit, FDT se fait donner le mandat d\u2019ex\u00e9cuter encore une fois des travaux de dynamitages sur cette rue. D\u00fb au fait que les gens ont d\u00e9j\u00e0 \u00e9t\u00e9 surpris par le gaz, des pr\u00e9cautions ont d\u00fb \u00eatre prises. Le lieux du sautage est tout aussi pr\u00e8s de la maison que la fois pr\u00e9c\u00e9dente. Des d\u00e9tecteurs de monoxyde de carbone sont plac\u00e9s \u00e0 tous les \u00e9tages de la maison. Des d\u00e9tecteurs sont distribu\u00e9s \u00e0 toutes les r\u00e9sidences, sur un p\u00e9rim\u00e8tre de 50 m autour du lieu du dynamitage. FDT a demand\u00e9 l\u2019expertises du Minist\u00e8re de la sant\u00e9 et des services sociaux concernant les techniques de pr\u00e9vention \u00e0 pr\u00e9coniser. Pour une des premi\u00e8res fois, nous pouvons anticiper une infiltration.<\/p>\n<p>Les Boutefeux commencent leur travail plus loin de la r\u00e9sidence afin de donner une chance aux gaz de s\u2019\u00e9vacuer du c\u00f4t\u00e9 oppos\u00e9 \u00e0 la maison. Apr\u00e8s chaque sautage, la pelle hydraulique d\u00e9gage le mat\u00e9riel dynamit\u00e9. La distance entre le b\u00e2timent et la zone de sautage est de 6 m. Les charges sont inf\u00e9rieures \u00e0 1 kilos par d\u00e9lais. Des explosifs uniquement \u00e0 base de nitroglyc\u00e9rine sont utilis\u00e9s. Au retour \u00e0 la maison des r\u00e9sidents, vers 4h, les d\u00e9tecteurs sonnent d\u00e9j\u00e0. Les pompiers sont appel\u00e9s. La maison est \u00e9vacu\u00e9e.<\/p>\n<p>Vendredi 4 d\u00e9cembre 2009, les r\u00e9sidents regagnent leur domicile. Ils ont pass\u00e9 la semaine au complet \u00e0 l\u2019ext\u00e9rieur de leur domicile. Plusieurs fois, au cours de la semaine, un inspecteur d\u2019AIRMAX ENVIRONNEMENT est venu faire des test sur la qualit\u00e9 de l\u2019air. Cette compagnie nous a aussi aid\u00e9 dans le processus d\u2019\u00e9vacuation des gaz. Dans ce cas, les gaz sont demeur\u00e9s jusqu\u2019au 3 d\u00e9cembre et une agente du Minist\u00e8re de la sant\u00e9 et des services sociaux \u00e0 demand\u00e9 une p\u00e9riode de 24 h sans lecture de gaz. La famille d\u00e9rang\u00e9e a \u00e9t\u00e9 remerci\u00e9e pour sa coop\u00e9ration et fut d\u00e9dommag\u00e9e.<\/p>\n<p>Merci encore une fois \u00e0 tous les r\u00e9sidents du cartier pour votre collaboration.<\/p>\n<p>20 janvier 2010\u00b8 rue Toundra, Brakeyville<br \/> Dynamitage d\u2019une cave sur la rue Toundra, dans un nouveau d\u00e9veloppement r\u00e9sidentiel. Une \u00e9quipe effectue des sautages toute la journ\u00e9e \u00e0 une distance de \u00b1 8 m d\u2019une maison existante dont le trou de la fondation de cette derni\u00e8re a \u00e9t\u00e9 dynamit\u00e9e il y a de cela quelque temps. Tout au long des travaux, le trou de la fondation est excav\u00e9 au fur et \u00e0 mesure. Le dernier sautage de la journ\u00e9e ne fut pas excav\u00e9. Il s\u2019agissait de l\u2019entr\u00e9e de service. L\u2019op\u00e9rateur de l\u2019excavatrice jugeait qu\u2019il n\u2019est pas prudent de laisser un trou si important, aussi proche de la rue.<\/p>\n<p>Dans la nuit entre le 20 et le 21, janvier, le d\u00e9tecteur de monoxyde de la r\u00e9sidence adjacente au chantier, sonne l\u2019alarme. Les services d\u2019incendie sont appel\u00e9s et la maison est \u00e9vacu\u00e9e.<\/p>\n<p>Selon la CSST, la cause de cette infiltration de gaz est en grande partie due au fait que le dernier sautage n\u2019a pas \u00e9t\u00e9 d\u00e9gag\u00e9. Une recommandation a \u00e9t\u00e9 \u00e9mise afin de toujours d\u00e9gager le mat\u00e9riel dynamit\u00e9 apr\u00e8s les sautages.<\/p>\n<p><strong>In conclusion<\/strong><\/p>\n<p>Forage Dynami-Tech makes it own investigation against carbon monoxide. It is difficult to establish an effective procedure to 100%. All combustion will produce CO. Any gas from combustion is harmful to health. We try to develop new techniques to reduce the inconvenience that we cause. Forage Dynami-Tech is one of the only companies who work taking carbon monoxide in account to improve security around its worksites.<\/p>\n","protected":false},"excerpt":{"rendered":"<p>INFORMATION FOR RESIDENTS CARBON MONOXIDE POISONING Did you know that blasting work can occasionally cause the dispersion of CO in the surrounding housing, particularly in the basement? That&#8217;s why we want to warn you that there will be work with explosives (blasting) in your area. We therefore inform you what to do to avoid beingEn savoir plus&#8230;<\/p>\n","protected":false},"author":5,"featured_media":0,"parent":0,"menu_order":0,"comment_status":"open","ping_status":"closed","template":"","meta":{"_acf_changed":false,"footnotes":"","_links_to":"","_links_to_target":""},"class_list":["post-337","page","type-page","status-publish","hentry"],"acf":[],"_links":{"self":[{"href":"https:\/\/www.forage-dynamitage.ca\/en\/wp-json\/wp\/v2\/pages\/337","targetHints":{"allow":["GET"]}}],"collection":[{"href":"https:\/\/www.forage-dynamitage.ca\/en\/wp-json\/wp\/v2\/pages"}],"about":[{"href":"https:\/\/www.forage-dynamitage.ca\/en\/wp-json\/wp\/v2\/types\/page"}],"author":[{"embeddable":true,"href":"https:\/\/www.forage-dynamitage.ca\/en\/wp-json\/wp\/v2\/users\/5"}],"replies":[{"embeddable":true,"href":"https:\/\/www.forage-dynamitage.ca\/en\/wp-json\/wp\/v2\/comments?post=337"}],"version-history":[{"count":1,"href":"https:\/\/www.forage-dynamitage.ca\/en\/wp-json\/wp\/v2\/pages\/337\/revisions"}],"predecessor-version":[{"id":338,"href":"https:\/\/www.forage-dynamitage.ca\/en\/wp-json\/wp\/v2\/pages\/337\/revisions\/338"}],"wp:attachment":[{"href":"https:\/\/www.forage-dynamitage.ca\/en\/wp-json\/wp\/v2\/media?parent=337"}],"curies":[{"name":"wp","href":"https:\/\/api.w.org\/{rel}","templated":true}]}}